{"id":31,"date":"2026-01-28T12:19:39","date_gmt":"2026-01-28T12:19:39","guid":{"rendered":"https:\/\/24szkola.pl\/wpx\/?page_id=31"},"modified":"2026-02-25T08:06:34","modified_gmt":"2026-02-25T08:06:34","slug":"o-nas","status":"publish","type":"page","link":"https:\/\/24szkola.pl\/wpx\/o-nas\/","title":{"rendered":"O Nas"},"content":{"rendered":"\n<p>Grupa Profesjonalnych Informatyk\u00f3w w Twojej Szkole.<\/p>\n\n\n\n<h2 class=\"wp-block-heading\" id=\"dlaczego-my\"><strong>Dlaczego my?<\/strong><\/h2>\n\n\n\n<p><strong>Certyfikowana wiedza:<\/strong> Posiadamy certyfikaty CISCO (IT Essentials, CCNA Exploration) oraz uprawnienia SEP.<br><\/p>\n\n\n\n<p><strong>Do\u015bwiadczenie &#8222;z pierwszej r\u0119ki&#8221;:<\/strong> Pracowali\u015bmy i pracujemy w szko\u0142ach (m.in. w Plewiskach, Biedrusku, Kamie\u0144cu, Gnie\u017anie, Poznaniu, Wroc\u0142awiu, \u015acinawie Polskiej). <br>Wiemy, jak funkcjonuje plac\u00f3wka o\u015bwiatowa i co jest dla Pa\u0144stwa najwazniejsze.<\/p>\n\n\n\n<p><strong>Wszechstronno\u015b\u0107:<\/strong> \u0141\u0105czymy kompetencje technika informatyka z umiej\u0119tno\u015bciami nauczyciela oraz indywidualnego podej\u015bcia do ka\u017cdego zadania.<\/p>\n\n\n\n<p><strong>Koszty:<\/strong> Znikome. Znajdziemy rozwi\u0105zanie dla ka\u017cdego zadania, problemu! Oczywi\u015bcie w pierwszej kolejno\u015bci patrz\u0105c na koszty, by by\u0142y jak najni\u017csze ale i te\u017c odpowiedni\u0105 jako\u015bci\u0105!<\/p>\n\n\n\n<p>Nasz\u0105 najbardziej <strong>skuteczn\u0105 <\/strong>form\u0105 pomocy jest kompleksowa obs\u0142uga informatyczna polegaj\u0105ca na sta\u0142ej opiece nad sprz\u0119tem i oprogramowaniem. Nie jest to jedyna forma wsp\u00f3\u0142pracy. \u015awiadczymy r\u00f3wnie\u017c us\u0142ugi jednorazowe z dojazdem w ka\u017cde miejsce w Polsce.<\/p>\n\n\n\n<hr class=\"wp-block-separator has-alpha-channel-opacity\"\/>\n\n\n\n<p>Nasze us\u0142ugi &#8211; <a href=\"https:\/\/24szkola.pl\/wpx\/oferta-spis\/\" data-type=\"page\" data-id=\"174\">kliknij i zapoznaj si\u0119 z nasz\u0105 ca\u0142\u0105 ofert\u0105<\/a> (lista)<\/p>\n\n\n\n<p><\/p>\n","protected":false},"excerpt":{"rendered":"<p>Grupa Profesjonalnych Informatyk\u00f3w w Twojej Szkole. Dlaczego my? Certyfikowana wiedza: Posiadamy certyfikaty CISCO (IT Essentials, CCNA Exploration) oraz uprawnienia SEP. Do\u015bwiadczenie &#8222;z pierwszej r\u0119ki&#8221;: Pracowali\u015bmy i pracujemy w szko\u0142ach (m.in. w Plewiskach, Biedrusku, Kamie\u0144cu, Gnie\u017anie, Poznaniu, Wroc\u0142awiu, \u015acinawie Polskiej). Wiemy, jak funkcjonuje plac\u00f3wka o\u015bwiatowa i co jest dla Pa\u0144stwa najwazniejsze. Wszechstronno\u015b\u0107: \u0141\u0105czymy kompetencje technika informatyka [&hellip;]<\/p>\n","protected":false},"author":1,"featured_media":0,"parent":0,"menu_order":0,"comment_status":"closed","ping_status":"closed","template":"","meta":{"_gspb_post_css":"","footnotes":""},"class_list":["post-31","page","type-page","status-publish","hentry"],"_links":{"self":[{"href":"https:\/\/24szkola.pl\/wpx\/wp-json\/wp\/v2\/pages\/31","targetHints":{"allow":["GET"]}}],"collection":[{"href":"https:\/\/24szkola.pl\/wpx\/wp-json\/wp\/v2\/pages"}],"about":[{"href":"https:\/\/24szkola.pl\/wpx\/wp-json\/wp\/v2\/types\/page"}],"author":[{"embeddable":true,"href":"https:\/\/24szkola.pl\/wpx\/wp-json\/wp\/v2\/users\/1"}],"replies":[{"embeddable":true,"href":"https:\/\/24szkola.pl\/wpx\/wp-json\/wp\/v2\/comments?post=31"}],"version-history":[{"count":11,"href":"https:\/\/24szkola.pl\/wpx\/wp-json\/wp\/v2\/pages\/31\/revisions"}],"predecessor-version":[{"id":178,"href":"https:\/\/24szkola.pl\/wpx\/wp-json\/wp\/v2\/pages\/31\/revisions\/178"}],"wp:attachment":[{"href":"https:\/\/24szkola.pl\/wpx\/wp-json\/wp\/v2\/media?parent=31"}],"curies":[{"name":"wp","href":"https:\/\/api.w.org\/{rel}","templated":true}]}}