{"id":28,"date":"2026-01-28T12:17:02","date_gmt":"2026-01-28T12:17:02","guid":{"rendered":"https:\/\/24szkola.pl\/wpx\/?page_id=28"},"modified":"2026-03-24T06:25:15","modified_gmt":"2026-03-24T06:25:15","slug":"oferta","status":"publish","type":"page","link":"https:\/\/24szkola.pl\/wpx\/oferta\/","title":{"rendered":"Oferta"},"content":{"rendered":"\n<p>Je\u017celi chcesz zobaczy\u0107 nasz\u0105 pe\u0142n\u0105 ofert\u0119 <a href=\"https:\/\/24szkola.pl\/wpx\/oferta\/oferta-dla-szkol\/\" data-type=\"link\" data-id=\"https:\/\/24szkola.pl\/wpx\/oferta\/oferta-dla-szkol\/\">zapraszamy tutaj!<\/a><\/p>\n\n\n\n<p><em>Znajdziesz tam wszystko co potrzebne, do zapoznania si\u0119 z nasz\u0105 misj\u0105 dla plac\u00f3wek szkolnych.<\/em><br>Wspieramy plac\u00f3wki o\u015bwiatowe, publiczne i nie tylko.<br><br>Jeste\u015bmy grup\u0105 entuzjast\u00f3w, informatyk\u00f3w z bogatym do\u015bwiadczeniem, zapleczem narz\u0119dziowym i technicznym. Zapoznaj si\u0119 z Nami, um\u00f3w si\u0119 na kr\u00f3tk\u0105 rozmow\u0119.<br><strong>Znajdziemy rozwi\u0105zanie, na ka\u017cdy problem.<\/strong><br><\/p>\n\n\n\n<hr class=\"wp-block-separator has-alpha-channel-opacity\"\/>\n\n\n\n<p><\/p>\n","protected":false},"excerpt":{"rendered":"<p>Je\u017celi chcesz zobaczy\u0107 nasz\u0105 pe\u0142n\u0105 ofert\u0119 zapraszamy tutaj! Znajdziesz tam wszystko co potrzebne, do zapoznania si\u0119 z nasz\u0105 misj\u0105 dla plac\u00f3wek szkolnych.Wspieramy plac\u00f3wki o\u015bwiatowe, publiczne i nie tylko. Jeste\u015bmy grup\u0105 entuzjast\u00f3w, informatyk\u00f3w z bogatym do\u015bwiadczeniem, zapleczem narz\u0119dziowym i technicznym. Zapoznaj si\u0119 z Nami, um\u00f3w si\u0119 na kr\u00f3tk\u0105 rozmow\u0119.Znajdziemy rozwi\u0105zanie, na ka\u017cdy problem.<\/p>\n","protected":false},"author":1,"featured_media":0,"parent":0,"menu_order":2,"comment_status":"closed","ping_status":"closed","template":"","meta":{"_gspb_post_css":"","footnotes":""},"class_list":["post-28","page","type-page","status-publish","hentry"],"_links":{"self":[{"href":"https:\/\/24szkola.pl\/wpx\/wp-json\/wp\/v2\/pages\/28","targetHints":{"allow":["GET"]}}],"collection":[{"href":"https:\/\/24szkola.pl\/wpx\/wp-json\/wp\/v2\/pages"}],"about":[{"href":"https:\/\/24szkola.pl\/wpx\/wp-json\/wp\/v2\/types\/page"}],"author":[{"embeddable":true,"href":"https:\/\/24szkola.pl\/wpx\/wp-json\/wp\/v2\/users\/1"}],"replies":[{"embeddable":true,"href":"https:\/\/24szkola.pl\/wpx\/wp-json\/wp\/v2\/comments?post=28"}],"version-history":[{"count":4,"href":"https:\/\/24szkola.pl\/wpx\/wp-json\/wp\/v2\/pages\/28\/revisions"}],"predecessor-version":[{"id":187,"href":"https:\/\/24szkola.pl\/wpx\/wp-json\/wp\/v2\/pages\/28\/revisions\/187"}],"wp:attachment":[{"href":"https:\/\/24szkola.pl\/wpx\/wp-json\/wp\/v2\/media?parent=28"}],"curies":[{"name":"wp","href":"https:\/\/api.w.org\/{rel}","templated":true}]}}