{"id":23,"date":"2026-01-28T12:11:48","date_gmt":"2026-01-28T12:11:48","guid":{"rendered":"https:\/\/24szkola.pl\/wpx\/?page_id=23"},"modified":"2026-02-11T08:08:46","modified_gmt":"2026-02-11T08:08:46","slug":"kontakt","status":"publish","type":"page","link":"https:\/\/24szkola.pl\/wpx\/kontakt\/","title":{"rendered":"Kontakt"},"content":{"rendered":"\n<p>Je\u017celi masz jakiekolwiek pytania do Nas? Dzwo\u0144 \/ pisz \u015bmia\u0142o.<br>Odpowiemy, dodamy swoje szczeg\u00f3\u0142y &#8211;  znajdziemy z\u0142oty \u015brodek.<\/p>\n\n\n\n<p><strong>Ch\u0119tnie spotkamy si\u0119 na 15 minut, aby przedstawi\u0107, jak mo\u017cemy usprawni\u0107 dzia\u0142anie technologii w Pa\u0144stwa szkole.<\/strong><br><\/p>\n\n\n\n<hr class=\"wp-block-separator has-alpha-channel-opacity\"\/>\n\n\n\n<div class=\"wp-block-group is-nowrap is-layout-flex wp-container-core-group-is-layout-6c531013 wp-block-group-is-layout-flex\">\n<p><strong>Bartosz Paczkowski:<\/strong> (+48) 785-594-890<br>E-mail: 92paczkowski@gmail.com<br><strong>| Fotografia | Informatyka | Serwis<\/strong><\/p>\n<\/div>\n\n\n\n<p><strong>Dariusz Taberski:<\/strong> (+48) 664-529-733<br><strong>| Informatyka | Serwis | Modernizacje<\/strong><br><\/p>\n\n\n\n<hr class=\"wp-block-separator has-alpha-channel-opacity\"\/>\n\n\n\n<p><\/p>\n","protected":false},"excerpt":{"rendered":"<p>Je\u017celi masz jakiekolwiek pytania do Nas? Dzwo\u0144 \/ pisz \u015bmia\u0142o.Odpowiemy, dodamy swoje szczeg\u00f3\u0142y &#8211; znajdziemy z\u0142oty \u015brodek. Ch\u0119tnie spotkamy si\u0119 na 15 minut, aby przedstawi\u0107, jak mo\u017cemy usprawni\u0107 dzia\u0142anie technologii w Pa\u0144stwa szkole. Bartosz Paczkowski: (+48) 785-594-890E-mail: 92paczkowski@gmail.com| Fotografia | Informatyka | Serwis Dariusz Taberski: (+48) 664-529-733| Informatyka | Serwis | Modernizacje<\/p>\n","protected":false},"author":1,"featured_media":0,"parent":0,"menu_order":5,"comment_status":"closed","ping_status":"closed","template":"","meta":{"_gspb_post_css":"","footnotes":""},"class_list":["post-23","page","type-page","status-publish","hentry"],"_links":{"self":[{"href":"https:\/\/24szkola.pl\/wpx\/wp-json\/wp\/v2\/pages\/23","targetHints":{"allow":["GET"]}}],"collection":[{"href":"https:\/\/24szkola.pl\/wpx\/wp-json\/wp\/v2\/pages"}],"about":[{"href":"https:\/\/24szkola.pl\/wpx\/wp-json\/wp\/v2\/types\/page"}],"author":[{"embeddable":true,"href":"https:\/\/24szkola.pl\/wpx\/wp-json\/wp\/v2\/users\/1"}],"replies":[{"embeddable":true,"href":"https:\/\/24szkola.pl\/wpx\/wp-json\/wp\/v2\/comments?post=23"}],"version-history":[{"count":9,"href":"https:\/\/24szkola.pl\/wpx\/wp-json\/wp\/v2\/pages\/23\/revisions"}],"predecessor-version":[{"id":154,"href":"https:\/\/24szkola.pl\/wpx\/wp-json\/wp\/v2\/pages\/23\/revisions\/154"}],"wp:attachment":[{"href":"https:\/\/24szkola.pl\/wpx\/wp-json\/wp\/v2\/media?parent=23"}],"curies":[{"name":"wp","href":"https:\/\/api.w.org\/{rel}","templated":true}]}}