{"id":174,"date":"2026-02-25T08:05:01","date_gmt":"2026-02-25T08:05:01","guid":{"rendered":"https:\/\/24szkola.pl\/wpx\/?page_id=174"},"modified":"2026-02-25T08:05:02","modified_gmt":"2026-02-25T08:05:02","slug":"oferta-spis","status":"publish","type":"page","link":"https:\/\/24szkola.pl\/wpx\/oferta-spis\/","title":{"rendered":"Oferta szczeg\u00f3\u0142owa"},"content":{"rendered":"\n<p>Posiadamy szerokie, bogate do\u015bwiadczenie zawodowe, techniczne i co najwa\u017cniejsze logiczne podej\u015bcie do ka\u017cdego zlecenia, oferujemy atrakcyjne us\u0142ugi:<\/p>\n\n\n\n<ul class=\"wp-block-list\">\n<li><strong>instalacja systemu operacyjnego<\/strong>, oprogramowania (sekretariat, pracownie informatyczne, komputery nauczycieli, biblioteka),<\/li>\n\n\n\n<li><strong>\u201eczyszczenie komputer\u00f3w\u201d<\/strong>, kt\u00f3rych wolne dzia\u0142anie uniemo\u017cliwia komfortow\u0105 prac\u0119,<\/li>\n\n\n\n<li><strong>przygotowanie pracowni informatycznych <\/strong>na czas egzamin\u00f3w,<\/li>\n\n\n\n<li><strong>naprawa, modernizacja komputer\u00f3w<\/strong> (wymiana dysku, zwi\u0119kszenie pami\u0119ci RAM, instalacja systemu operacyjnego o mniejszych wymaganiach sprz\u0119towych),<\/li>\n\n\n\n<li><strong>rozwi\u0105zywanie problem\u00f3w<\/strong> z drukarkami, kserem, projektorem, tablic\u0105 multimedialn\u0105,<\/li>\n\n\n\n<li><strong>pomoc w zakupie oprogramowania<\/strong> (u\u017cytkowe, antywirusowe, opiekun pracowni, ochrona sieci) <strong>i sprz\u0119tu<\/strong> (komputer stacjonarny, laptop, drukarka, skaner, router i inne),<\/li>\n\n\n\n<li><strong>pod\u0142\u0105czenie nowego sprz\u0119tu do sieci<\/strong>,<\/li>\n\n\n\n<li><strong>tworzenie kopii zapasowych<\/strong>, przywracanie danych,<\/li>\n\n\n\n<li><strong>konfiguracja urz\u0105dze\u0144 sieciowych<\/strong> router\/drukarka\/ksero (mo\u017cliwo\u015b\u0107 drukowania z dowolnego komputera w szkole, skanowanie przez sie\u0107),<\/li>\n\n\n\n<li><strong>projektowanie\/budowa\/modernizacja sieci<\/strong> przewodowej lub bezprzewodowej (skr\u0119tka, \u015bwiat\u0142ow\u00f3d), <strong>zwi\u0119kszenie zasi\u0119gu<\/strong> sieci (sale lekcyjne, korytarze, pok\u00f3j nauczycielski, \u015bwietlica, sala gimnastyczna, boisko szkolne),<\/li>\n\n\n\n<li><strong>zmiana priorytet\u00f3w podzia\u0142u pasma internetowego<\/strong> tak aby Internet dzia\u0142a\u0142 sprawniej,<\/li>\n\n\n\n<li><strong>instalacja oprogramowania do nauki zdalnej<\/strong>, tworzenie kont nauczycieli i uczni\u00f3w, <strong>szkolenie dla nauczycieli<\/strong>, materia\u0142y dla uczni\u00f3w,<\/li>\n\n\n\n<li><strong>rozwi\u0105zywanie problem\u00f3w z dziennikiem elektronicznym<\/strong>,<\/li>\n\n\n\n<li><strong>pomoc dla nauczycieli<\/strong> maj\u0105cych problemy z sprz\u0119tem lub oprogramowaniem,<\/li>\n\n\n\n<li>modernizacja, rozbudowa, uatrakcyjnienie <strong>szkolnej strony internetowej<\/strong>\/Facebooka,<\/li>\n\n\n\n<li><strong>tworzenie oprogramowania<\/strong> wspieraj\u0105cego prac\u0119 szko\u0142y.<\/li>\n<\/ul>\n\n\n\n<hr class=\"wp-block-separator has-alpha-channel-opacity\"\/>\n\n\n\n<p>Do naszych dodatkowych us\u0142ug nale\u017c\u0105:<\/p>\n\n\n\n<ul class=\"wp-block-list\">\n<li>instalacja\/konfiguracja\/<strong>administracja serwerem szkolnym<\/strong>,<\/li>\n\n\n\n<li>instalacja i obs\u0142uga szkolnej <strong>platformy e-learningowej<\/strong> <strong>MOODLE<\/strong>,<\/li>\n\n\n\n<li>pomoc w wyborze i <strong>instalacja nowego \u0142\u0105cza internetowego<\/strong>,<\/li>\n\n\n\n<li>mo\u017cliwo\u015b\u0107 <strong>automatycznego wy\u0142\u0105czania urz\u0105dze\u0144 sieciowych<\/strong> w godzinach nocnych i w weekendy (oszcz\u0119dno\u015b\u0107 energii),<\/li>\n\n\n\n<li>wykonanie <strong>przegl\u0105du technicznego przestarza\u0142ego sprz\u0119tu<\/strong> i dostarczenie pisma z uzasadnionym stwierdzeniem nieop\u0142acalno\u015bci naprawy.<\/li>\n<\/ul>\n\n\n\n<hr class=\"wp-block-separator has-alpha-channel-opacity\"\/>\n\n\n\n<p>W przypadku zainteresowania nasz\u0105 ofert\u0105 &#8211;<a href=\"https:\/\/24szkola.pl\/wpx\/kontakt\/\" data-type=\"page\" data-id=\"23\"> zapraszamy do kontaktu<\/a><\/p>\n","protected":false},"excerpt":{"rendered":"<p>Posiadamy szerokie, bogate do\u015bwiadczenie zawodowe, techniczne i co najwa\u017cniejsze logiczne podej\u015bcie do ka\u017cdego zlecenia, oferujemy atrakcyjne us\u0142ugi: Do naszych dodatkowych us\u0142ug nale\u017c\u0105: W przypadku zainteresowania nasz\u0105 ofert\u0105 &#8211; zapraszamy do kontaktu<\/p>\n","protected":false},"author":1,"featured_media":0,"parent":0,"menu_order":0,"comment_status":"closed","ping_status":"closed","template":"","meta":{"_gspb_post_css":"","footnotes":""},"class_list":["post-174","page","type-page","status-publish","hentry"],"_links":{"self":[{"href":"https:\/\/24szkola.pl\/wpx\/wp-json\/wp\/v2\/pages\/174","targetHints":{"allow":["GET"]}}],"collection":[{"href":"https:\/\/24szkola.pl\/wpx\/wp-json\/wp\/v2\/pages"}],"about":[{"href":"https:\/\/24szkola.pl\/wpx\/wp-json\/wp\/v2\/types\/page"}],"author":[{"embeddable":true,"href":"https:\/\/24szkola.pl\/wpx\/wp-json\/wp\/v2\/users\/1"}],"replies":[{"embeddable":true,"href":"https:\/\/24szkola.pl\/wpx\/wp-json\/wp\/v2\/comments?post=174"}],"version-history":[{"count":2,"href":"https:\/\/24szkola.pl\/wpx\/wp-json\/wp\/v2\/pages\/174\/revisions"}],"predecessor-version":[{"id":176,"href":"https:\/\/24szkola.pl\/wpx\/wp-json\/wp\/v2\/pages\/174\/revisions\/176"}],"wp:attachment":[{"href":"https:\/\/24szkola.pl\/wpx\/wp-json\/wp\/v2\/media?parent=174"}],"curies":[{"name":"wp","href":"https:\/\/api.w.org\/{rel}","templated":true}]}}