{"id":102,"date":"2026-02-01T13:53:23","date_gmt":"2026-02-01T13:53:23","guid":{"rendered":"https:\/\/24szkola.pl\/wpx\/?page_id=102"},"modified":"2026-02-01T14:00:15","modified_gmt":"2026-02-01T14:00:15","slug":"warsztaty-fotograficzne","status":"publish","type":"page","link":"https:\/\/24szkola.pl\/wpx\/warsztaty-fotograficzne\/","title":{"rendered":"Warsztaty FOTOgraficzne"},"content":{"rendered":"\n<p>Adresatami s\u0105 uczniowie klas szk\u00f3\u0142 podstawowych (7 i 8) oraz praktycznie ka\u017cde klasy szk\u00f3\u0142 \u015brednich &#8211; pragn\u0105cych odby\u0107 pe\u0142nowarto\u015bciowe warsztaty z fotografii studyjnej.<\/p>\n\n\n\n<p>Celem warsztat\u00f3w jest nauczenie uczni\u00f3w \u015bwiadomego pos\u0142ugiwania si\u0119 aparatem, pracy z profesjonalnym o\u015bwietleniem studyjnym oraz podstaw cyfrowej obr\u00f3bki zdj\u0119\u0107. \u0141\u0105czymy wiedz\u0119 techniczn\u0105 (fizyka \u015bwiat\u0142a, parametry ekspozycji) z artystyczn\u0105.<\/p>\n\n\n\n<hr class=\"wp-block-separator has-alpha-channel-opacity\"\/>\n\n\n\n<p>Prowadz\u0105cym jest <strong><a href=\"https:\/\/www.bpaczkowski.pl\">Bartosz Paczkowski<\/a><\/strong>, wieloletni fotograf, fotoreporter.<br>Praktyk z do\u015bwiadczeniem w edukacji i obs\u0142udze nowoczesnych technologii.<br>Nagradzany kilkoma wystawami swoich prac w Poznaniu i Krakowie.<\/p>\n\n\n\n<figure class=\"wp-block-image size-large is-resized\"><img loading=\"lazy\" decoding=\"async\" width=\"1024\" height=\"1024\" src=\"https:\/\/24szkola.pl\/wpx\/wp-content\/uploads\/2026\/02\/IMG_9555_01-1024x1024.jpg\" alt=\"\" class=\"wp-image-81\" style=\"width:280px;height:auto\" srcset=\"https:\/\/24szkola.pl\/wpx\/wp-content\/uploads\/2026\/02\/IMG_9555_01-1024x1024.jpg 1024w, https:\/\/24szkola.pl\/wpx\/wp-content\/uploads\/2026\/02\/IMG_9555_01-300x300.jpg 300w, https:\/\/24szkola.pl\/wpx\/wp-content\/uploads\/2026\/02\/IMG_9555_01-150x150.jpg 150w, https:\/\/24szkola.pl\/wpx\/wp-content\/uploads\/2026\/02\/IMG_9555_01-768x768.jpg 768w, https:\/\/24szkola.pl\/wpx\/wp-content\/uploads\/2026\/02\/IMG_9555_01-1536x1536.jpg 1536w, https:\/\/24szkola.pl\/wpx\/wp-content\/uploads\/2026\/02\/IMG_9555_01-2048x2048.jpg 2048w\" sizes=\"auto, (max-width: 1024px) 100vw, 1024px\" \/><\/figure>\n\n\n\n<hr class=\"wp-block-separator has-alpha-channel-opacity\"\/>\n\n\n\n<p>Po wi\u0119cej informacji zapraszamy do <a href=\"https:\/\/24szkola.pl\/wpx\/kontakt\/\" data-type=\"page\" data-id=\"23\">kontaktu<\/a>, w celu przedstawienia oferty warsztat\u00f3w.<br>Jak r\u00f3wnie\u017c na autorsk\u0105 stron\u0119 fotografa &#8211; <a href=\"https:\/\/www.bpaczkowski.pl\" data-type=\"link\" data-id=\"https:\/\/www.bpaczkowski.pl\">kliknij po wi\u0119cej<\/a><br><\/p>\n\n\n\n<p><\/p>\n","protected":false},"excerpt":{"rendered":"<p>Adresatami s\u0105 uczniowie klas szk\u00f3\u0142 podstawowych (7 i 8) oraz praktycznie ka\u017cde klasy szk\u00f3\u0142 \u015brednich &#8211; pragn\u0105cych odby\u0107 pe\u0142nowarto\u015bciowe warsztaty z fotografii studyjnej. Celem warsztat\u00f3w jest nauczenie uczni\u00f3w \u015bwiadomego pos\u0142ugiwania si\u0119 aparatem, pracy z profesjonalnym o\u015bwietleniem studyjnym oraz podstaw cyfrowej obr\u00f3bki zdj\u0119\u0107. \u0141\u0105czymy wiedz\u0119 techniczn\u0105 (fizyka \u015bwiat\u0142a, parametry ekspozycji) z artystyczn\u0105. Prowadz\u0105cym jest Bartosz Paczkowski, [&hellip;]<\/p>\n","protected":false},"author":1,"featured_media":0,"parent":0,"menu_order":0,"comment_status":"closed","ping_status":"closed","template":"","meta":{"_gspb_post_css":"","footnotes":""},"class_list":["post-102","page","type-page","status-publish","hentry"],"_links":{"self":[{"href":"https:\/\/24szkola.pl\/wpx\/wp-json\/wp\/v2\/pages\/102","targetHints":{"allow":["GET"]}}],"collection":[{"href":"https:\/\/24szkola.pl\/wpx\/wp-json\/wp\/v2\/pages"}],"about":[{"href":"https:\/\/24szkola.pl\/wpx\/wp-json\/wp\/v2\/types\/page"}],"author":[{"embeddable":true,"href":"https:\/\/24szkola.pl\/wpx\/wp-json\/wp\/v2\/users\/1"}],"replies":[{"embeddable":true,"href":"https:\/\/24szkola.pl\/wpx\/wp-json\/wp\/v2\/comments?post=102"}],"version-history":[{"count":7,"href":"https:\/\/24szkola.pl\/wpx\/wp-json\/wp\/v2\/pages\/102\/revisions"}],"predecessor-version":[{"id":111,"href":"https:\/\/24szkola.pl\/wpx\/wp-json\/wp\/v2\/pages\/102\/revisions\/111"}],"wp:attachment":[{"href":"https:\/\/24szkola.pl\/wpx\/wp-json\/wp\/v2\/media?parent=102"}],"curies":[{"name":"wp","href":"https:\/\/api.w.org\/{rel}","templated":true}]}}